{"id":502,"date":"2025-10-14T11:56:52","date_gmt":"2025-10-14T11:56:52","guid":{"rendered":"https:\/\/boring-lovelace.212-227-6-40.plesk.page\/?page_id=502"},"modified":"2025-10-15T12:45:51","modified_gmt":"2025-10-15T12:45:51","slug":"gesundheitstourismus","status":"publish","type":"page","link":"https:\/\/boring-lovelace.212-227-6-40.plesk.page\/de\/gesundheitstourismus\/","title":{"rendered":"Gesundheitstourismus"},"content":{"rendered":"\n\t<section class=\"section\" id=\"section_1960095542\">\n\t\t<div class=\"section-bg fill\" >\n\t\t\t\t\t\t\t\t\t\n\t\t\t\n\t<div class=\"is-border\"\n\t\tstyle=\"border-color:rgb(255, 255, 255);border-width:3px 0px 0px 0px;\">\n\t<\/div>\n\n\t\t<\/div>\n\n\t\t\n\n\t\t<div class=\"section-content relative\">\n\t\t\t\n  <div id=\"page-header-1173768921\" class=\"page-header-wrapper\">\n  <div class=\"page-title dark simple-title\">\n\n    \n    <div class=\"page-title-inner container align-center text-center flex-row-col medium-flex-wrap\" >\n              <div class=\"title-wrapper is-larger flex-col\">\n          <h1 class=\"entry-title mb-0\">\n            Gesundheitstourismus          <\/h1>\n        <\/div>\n                    <div class=\"title-content flex-col\">\n        <div class=\"title-breadcrumbs pb-half pt-half\"><\/div>      <\/div>\n    <\/div>\n\n       <\/div>\n    <\/div>\n  \n\t\t<\/div>\n\n\t\t\n<style>\n#section_1960095542 {\n  padding-top: 30px;\n  padding-bottom: 30px;\n  background-color: #0c2b47;\n}\n<\/style>\n\t<\/section>\n\t\n\n\t<section class=\"section saglik-turizmi-sayfasi\" id=\"section_1538715167\">\n\t\t<div class=\"section-bg fill\" >\n\t\t\t\t\t\t\t\t\t\n\t\t\t\n\n\t\t<\/div>\n\n\t\t\n\n\t\t<div class=\"section-content relative\">\n\t\t\t\n<div class=\"row\"  id=\"row-1248219044\">\n\n\t<div id=\"col-895094117\" class=\"col small-12 large-12\"  >\n\t\t\t\t<div class=\"col-inner\"  >\n\t\t\t\n\t\t\t\n<div class=\"accordion\">\n\t<div id=\"accordion-2288921629\" class=\"accordion-item\">\n\t\t<a id=\"accordion-2288921629-label\" class=\"accordion-title plain active\" href=\"#accordion-item-unterkunft\" aria-expanded=\"true\" aria-controls=\"accordion-2288921629-content\">\n\t\t\t<button class=\"toggle\" aria-label=\"Umschalten\"><i class=\"icon-angle-down\" aria-hidden=\"true\"><\/i><\/button>\n\t\t\t<span>Unterkunft<\/span>\n\t\t<\/a>\n\t\t<div id=\"accordion-2288921629-content\" class=\"accordion-inner\" style=\"display: block;\" aria-labelledby=\"accordion-2288921629-label\">\n\t\t\t\n<div class=\"row align-middle\"  id=\"row-1415221816\">\n\n\t<div id=\"col-2093048263\" class=\"col medium-8 small-12 large-8\"  >\n\t\t\t\t<div class=\"col-inner\"  >\n\t\t\t\n\t\t\t\n\t<div id=\"text-546075941\" class=\"text\">\n\t\t\n<p>Wir machen den Gesundheitstourismus f\u00fcr unsere Patienten und deren Begleitpersonen komfortabler und angenehmer. Nach Abschluss ihrer Behandlung k\u00f6nnen unsere Patienten Urlaub machen, was hilft, Stress abzubauen. Dank unserer Vereinbarungen mit hochwertigen und komfortablen Hotels sorgen wir daf\u00fcr, dass Sie sich wie zu Hause f\u00fchlen.<\/p>\n\t\t\n<style>\n#text-546075941 {\n  color: #0c2b47;\n}\n#text-546075941 > * {\n  color: #0c2b47;\n}\n<\/style>\n\t<\/div>\n\t\n\t\t<\/div>\n\t\t\t\t\n<style>\n#col-2093048263 > .col-inner {\n  margin: 0px 0px -40px 0px;\n}\n<\/style>\n\t<\/div>\n\n\t\n\n\t<div id=\"col-1712406274\" class=\"col medium-4 small-12 large-4\"  >\n\t\t\t\t<div class=\"col-inner\"  >\n\t\t\t\n\t\t\t\n\t<div class=\"img has-hover x md-x lg-x y md-y lg-y\" id=\"image_1056928353\">\n\t\t\t\t\t\t\t\t<div class=\"img-inner dark\" >\n\t\t\t<img loading=\"lazy\" decoding=\"async\" width=\"453\" height=\"202\" src=\"https:\/\/boring-lovelace.212-227-6-40.plesk.page\/wp-content\/uploads\/2025\/10\/otelu.jpg\" class=\"attachment-large size-large\" alt=\"\" \/>\t\t\t\t\t\t\n\t\t\t\t\t<\/div>\n\t\t\t\t\t\t\t\t\n<style>\n#image_1056928353 {\n  width: 100%;\n}\n<\/style>\n\t<\/div>\n\t\n\t\t<\/div>\n\t\t\t\t\n<style>\n#col-1712406274 > .col-inner {\n  margin: 0px 0px -40px 0px;\n}\n<\/style>\n\t<\/div>\n\n\t\n<\/div>\n\t\t<\/div>\n\t<\/div>\n\t\n\t<div id=\"accordion-4202163209\" class=\"accordion-item\">\n\t\t<a id=\"accordion-4202163209-label\" class=\"accordion-title plain\" href=\"#accordion-item-vip-transfer\" aria-expanded=\"false\" aria-controls=\"accordion-4202163209-content\">\n\t\t\t<button class=\"toggle\" aria-label=\"Umschalten\"><i class=\"icon-angle-down\" aria-hidden=\"true\"><\/i><\/button>\n\t\t\t<span>VIP-Transfer<\/span>\n\t\t<\/a>\n\t\t<div id=\"accordion-4202163209-content\" class=\"accordion-inner\" aria-labelledby=\"accordion-4202163209-label\">\n\t\t\t\n<div class=\"row align-middle\"  id=\"row-1813145637\">\n\n\t<div id=\"col-2091862214\" class=\"col medium-8 small-12 large-8\"  >\n\t\t\t\t<div class=\"col-inner\"  >\n\t\t\t\n\t\t\t\n\t<div id=\"text-65965005\" class=\"text\">\n\t\t\n<p>Wir bieten einen speziellen VIP-Transferservice an, um sicherzustellen, dass unsere Patienten bequem und problemlos zu medizinischen Einrichtungen oder Behandlungszentren gelangen. Dieser Service tr\u00e4gt dazu bei, Stress und M\u00fcdigkeit w\u00e4hrend des Behandlungsprozesses zu reduzieren und die Konzentration auf die Genesung zu f\u00f6rdern.<\/p>\n\t\t\n<style>\n#text-65965005 {\n  color: #0c2b47;\n}\n#text-65965005 > * {\n  color: #0c2b47;\n}\n<\/style>\n\t<\/div>\n\t\n\t\t<\/div>\n\t\t\t\t\n<style>\n#col-2091862214 > .col-inner {\n  margin: 0px 0px -40px 0px;\n}\n<\/style>\n\t<\/div>\n\n\t\n\n\t<div id=\"col-2043825995\" class=\"col medium-4 small-12 large-4\"  >\n\t\t\t\t<div class=\"col-inner\"  >\n\t\t\t\n\t\t\t\n\t<div class=\"img has-hover x md-x lg-x y md-y lg-y\" id=\"image_1331423957\">\n\t\t\t\t\t\t\t\t<div class=\"img-inner dark\" >\n\t\t\t<img loading=\"lazy\" decoding=\"async\" width=\"453\" height=\"202\" src=\"https:\/\/boring-lovelace.212-227-6-40.plesk.page\/wp-content\/uploads\/2025\/10\/vip.jpg\" class=\"attachment-large size-large\" alt=\"\" \/>\t\t\t\t\t\t\n\t\t\t\t\t<\/div>\n\t\t\t\t\t\t\t\t\n<style>\n#image_1331423957 {\n  width: 100%;\n}\n<\/style>\n\t<\/div>\n\t\n\t\t<\/div>\n\t\t\t\t\n<style>\n#col-2043825995 > .col-inner {\n  margin: 0px 0px -40px 0px;\n}\n<\/style>\n\t<\/div>\n\n\t\n<\/div>\n\t\t<\/div>\n\t<\/div>\n\t\n\t<div id=\"accordion-3974390234\" class=\"accordion-item\">\n\t\t<a id=\"accordion-3974390234-label\" class=\"accordion-title plain\" href=\"#accordion-item-\u00dcbersetzer\" aria-expanded=\"false\" aria-controls=\"accordion-3974390234-content\">\n\t\t\t<button class=\"toggle\" aria-label=\"Umschalten\"><i class=\"icon-angle-down\" aria-hidden=\"true\"><\/i><\/button>\n\t\t\t<span>\u00dcbersetzer<\/span>\n\t\t<\/a>\n\t\t<div id=\"accordion-3974390234-content\" class=\"accordion-inner\" aria-labelledby=\"accordion-3974390234-label\">\n\t\t\t\n<div class=\"row\"  id=\"row-593224250\">\n\n\t<div id=\"col-1038108905\" class=\"col medium-8 small-12 large-8\"  >\n\t\t\t\t<div class=\"col-inner\"  >\n\t\t\t\n\t\t\t\n\t<div id=\"text-3108400583\" class=\"text\">\n\t\t\n<p>Jedes Jahr kommen Millionen von Menschen aus der ganzen Welt in die T\u00fcrkei, um medizinische Leistungen in Anspruch zu nehmen. Da die Kommunikation f\u00fcr Patienten, die verschiedene Sprachen sprechen, eine Herausforderung darstellen kann, bieten wir w\u00e4hrend des gesamten Behandlungsprozesses \u00dcbersetzungsunterst\u00fctzung in der Muttersprache an. Um Missverst\u00e4ndnisse zu vermeiden, arbeiten wir mit auf den medizinischen Bereich spezialisierten \u00dcbersetzern zusammen, damit Sie bestm\u00f6glich verstanden werden.<\/p>\n\t\t\n<style>\n#text-3108400583 {\n  color: #0c2b47;\n}\n#text-3108400583 > * {\n  color: #0c2b47;\n}\n<\/style>\n\t<\/div>\n\t\n\t\t<\/div>\n\t\t\t\t\n<style>\n#col-1038108905 > .col-inner {\n  margin: 0px 0px -40px 0px;\n}\n<\/style>\n\t<\/div>\n\n\t\n\n\t<div id=\"col-1611292868\" class=\"col medium-4 small-12 large-4\"  >\n\t\t\t\t<div class=\"col-inner\"  >\n\t\t\t\n\t\t\t\n\t<div class=\"img has-hover x md-x lg-x y md-y lg-y\" id=\"image_198661743\">\n\t\t\t\t\t\t\t\t<div class=\"img-inner dark\" >\n\t\t\t<img loading=\"lazy\" decoding=\"async\" width=\"453\" height=\"202\" src=\"https:\/\/boring-lovelace.212-227-6-40.plesk.page\/wp-content\/uploads\/2025\/10\/Basliksiz-2.jpg\" class=\"attachment-large size-large\" alt=\"\" \/>\t\t\t\t\t\t\n\t\t\t\t\t<\/div>\n\t\t\t\t\t\t\t\t\n<style>\n#image_198661743 {\n  width: 100%;\n}\n<\/style>\n\t<\/div>\n\t\n\t\t<\/div>\n\t\t\t\t\n<style>\n#col-1611292868 > .col-inner {\n  margin: 0px 0px -40px 0px;\n}\n<\/style>\n\t<\/div>\n\n\t\n<\/div>\n\t\t<\/div>\n\t<\/div>\n\t\n<\/div>\n\t<div id=\"text-3901373251\" class=\"text\">\n\t\t\n<p><strong>Schreiben Sie uns, wir antworten Ihnen<\/strong><\/p>\n\t\t\n<style>\n#text-3901373251 {\n  font-size: 2rem;\n  color: #0c2b47;\n}\n#text-3901373251 > * {\n  color: #0c2b47;\n}\n<\/style>\n\t<\/div>\n\t\n\n<div class=\"wpcf7 no-js\" id=\"wpcf7-f437-o1\" lang=\"de-DE\" dir=\"ltr\" data-wpcf7-id=\"437\">\n<div class=\"screen-reader-response\"><p role=\"status\" aria-live=\"polite\" aria-atomic=\"true\"><\/p> <ul><\/ul><\/div>\n<form action=\"\/de\/wp-json\/wp\/v2\/pages\/502#wpcf7-f437-o1\" method=\"post\" class=\"wpcf7-form init\" aria-label=\"Kontaktformular\" novalidate=\"novalidate\" data-status=\"init\">\n<fieldset class=\"hidden-fields-container\"><input type=\"hidden\" name=\"_wpcf7\" value=\"437\" \/><input type=\"hidden\" name=\"_wpcf7_version\" value=\"6.1.2\" \/><input type=\"hidden\" name=\"_wpcf7_locale\" value=\"de_DE\" \/><input type=\"hidden\" name=\"_wpcf7_unit_tag\" value=\"wpcf7-f437-o1\" \/><input type=\"hidden\" name=\"_wpcf7_container_post\" value=\"0\" \/><input type=\"hidden\" name=\"_wpcf7_posted_data_hash\" value=\"\" \/>\n<\/fieldset>\n<div class=\"randevu-form\">\n\t<div class=\"form-row\">\n\t\t<p><span class=\"wpcf7-form-control-wrap\" data-name=\"text-340\"><input size=\"40\" maxlength=\"400\" class=\"wpcf7-form-control wpcf7-text wpcf7-validates-as-required\" autocomplete=\"name\" aria-required=\"true\" aria-invalid=\"false\" placeholder=\"Ihr Vorname\" value=\"\" type=\"text\" name=\"text-340\" \/><\/span><br \/>\n<span class=\"wpcf7-form-control-wrap\" data-name=\"text-342\"><input size=\"40\" maxlength=\"400\" class=\"wpcf7-form-control wpcf7-text wpcf7-validates-as-required\" autocomplete=\"name\" aria-required=\"true\" aria-invalid=\"false\" placeholder=\"Ihr Nachname\" value=\"\" type=\"text\" name=\"text-342\" \/><\/span>\n\t\t<\/p>\n\t<\/div>\n\t<div class=\"form-row\">\n\t\t<p><span class=\"wpcf7-form-control-wrap\" data-name=\"tel-10\"><input size=\"40\" maxlength=\"400\" class=\"wpcf7-form-control wpcf7-tel wpcf7-validates-as-required wpcf7-text wpcf7-validates-as-tel\" autocomplete=\"name\" aria-required=\"true\" aria-invalid=\"false\" placeholder=\"Telefon\" value=\"\" type=\"tel\" name=\"tel-10\" \/><\/span><br \/>\n<span class=\"wpcf7-form-control-wrap\" data-name=\"email-411\"><input size=\"40\" maxlength=\"400\" class=\"wpcf7-form-control wpcf7-email wpcf7-validates-as-required wpcf7-text wpcf7-validates-as-email\" autocomplete=\"email\" aria-required=\"true\" aria-invalid=\"false\" placeholder=\"E-Mail\" value=\"\" type=\"email\" name=\"email-411\" \/><\/span>\n\t\t<\/p>\n\t<\/div>\n\t<div class=\"form-full\">\n\t\t<p><span class=\"wpcf7-form-control-wrap\" data-name=\"text-342\"><input size=\"40\" maxlength=\"400\" class=\"wpcf7-form-control wpcf7-text wpcf7-validates-as-required\" autocomplete=\"name\" aria-required=\"true\" aria-invalid=\"false\" placeholder=\"Beschreiben Sie kurz das Thema\" value=\"\" type=\"text\" name=\"text-342\" \/><\/span>\n\t\t<\/p>\n\t<\/div>\n\t<div class=\"form-button\">\n\t\t<p><button type=\"submit\">Termin vereinbaren<\/button>\n\t\t<\/p>\n\t<\/div>\n<\/div><p style=\"display: none !important;\" class=\"akismet-fields-container\" data-prefix=\"_wpcf7_ak_\"><label>&#916;<textarea name=\"_wpcf7_ak_hp_textarea\" cols=\"45\" rows=\"8\" maxlength=\"100\"><\/textarea><\/label><input type=\"hidden\" id=\"ak_js_1\" name=\"_wpcf7_ak_js\" value=\"128\"\/><script>document.getElementById( \"ak_js_1\" ).setAttribute( \"value\", ( new Date() ).getTime() );<\/script><\/p><div class=\"wpcf7-response-output\" aria-hidden=\"true\"><\/div>\n<\/form>\n<\/div>\n\n\t\t<\/div>\n\t\t\t\t\t<\/div>\n\n\t\n<\/div>\n\t\t<\/div>\n\n\t\t\n<style>\n#section_1538715167 {\n  padding-top: 60px;\n  padding-bottom: 60px;\n}\n<\/style>\n\t<\/section>\n\t\n","protected":false},"excerpt":{"rendered":"","protected":false},"author":1,"featured_media":0,"parent":0,"menu_order":0,"comment_status":"closed","ping_status":"closed","template":"page-blank.php","meta":{"footnotes":""},"class_list":["post-502","page","type-page","status-publish","hentry"],"_links":{"self":[{"href":"https:\/\/boring-lovelace.212-227-6-40.plesk.page\/de\/wp-json\/wp\/v2\/pages\/502","targetHints":{"allow":["GET"]}}],"collection":[{"href":"https:\/\/boring-lovelace.212-227-6-40.plesk.page\/de\/wp-json\/wp\/v2\/pages"}],"about":[{"href":"https:\/\/boring-lovelace.212-227-6-40.plesk.page\/de\/wp-json\/wp\/v2\/types\/page"}],"author":[{"embeddable":true,"href":"https:\/\/boring-lovelace.212-227-6-40.plesk.page\/de\/wp-json\/wp\/v2\/users\/1"}],"replies":[{"embeddable":true,"href":"https:\/\/boring-lovelace.212-227-6-40.plesk.page\/de\/wp-json\/wp\/v2\/comments?post=502"}],"version-history":[{"count":2,"href":"https:\/\/boring-lovelace.212-227-6-40.plesk.page\/de\/wp-json\/wp\/v2\/pages\/502\/revisions"}],"predecessor-version":[{"id":504,"href":"https:\/\/boring-lovelace.212-227-6-40.plesk.page\/de\/wp-json\/wp\/v2\/pages\/502\/revisions\/504"}],"wp:attachment":[{"href":"https:\/\/boring-lovelace.212-227-6-40.plesk.page\/de\/wp-json\/wp\/v2\/media?parent=502"}],"curies":[{"name":"wp","href":"https:\/\/api.w.org\/{rel}","templated":true}]}}