{"id":567,"date":"2025-10-14T11:56:20","date_gmt":"2025-10-14T11:56:20","guid":{"rendered":"https:\/\/boring-lovelace.212-227-6-40.plesk.page\/?page_id=567"},"modified":"2025-10-15T12:56:33","modified_gmt":"2025-10-15T12:56:33","slug":"ueber-mich","status":"publish","type":"page","link":"https:\/\/boring-lovelace.212-227-6-40.plesk.page\/de\/ueber-mich\/","title":{"rendered":"\u00dcber mich"},"content":{"rendered":"\n\t<section class=\"section\" id=\"section_670109031\">\n\t\t<div class=\"section-bg fill\" >\n\t\t\t\t\t\t\t\t\t\n\t\t\t\n\t<div class=\"is-border\"\n\t\tstyle=\"border-color:rgb(255, 255, 255);border-width:3px 0px 0px 0px;\">\n\t<\/div>\n\n\t\t<\/div>\n\n\t\t\n\n\t\t<div class=\"section-content relative\">\n\t\t\t\n  <div id=\"page-header-1680759657\" class=\"page-header-wrapper\">\n  <div class=\"page-title dark simple-title\">\n\n    \n    <div class=\"page-title-inner container align-center text-center flex-row-col medium-flex-wrap\" >\n              <div class=\"title-wrapper is-larger flex-col\">\n          <h1 class=\"entry-title mb-0\">\n            \u00dcber mich          <\/h1>\n        <\/div>\n                    <div class=\"title-content flex-col\">\n        <div class=\"title-breadcrumbs pb-half pt-half\"><\/div>      <\/div>\n    <\/div>\n\n       <\/div>\n    <\/div>\n  \n\t\t<\/div>\n\n\t\t\n<style>\n#section_670109031 {\n  padding-top: 30px;\n  padding-bottom: 30px;\n  background-color: #0c2b47;\n}\n<\/style>\n\t<\/section>\n\t\n\n\t<section class=\"section\" id=\"section_671490210\">\n\t\t<div class=\"section-bg fill\" >\n\t\t\t\t\t\t\t\t\t\n\t\t\t\n\n\t\t<\/div>\n\n\t\t\n\n\t\t<div class=\"section-content relative\">\n\t\t\t\n<div class=\"row\"  id=\"row-1755189418\">\n\n\t<div id=\"col-1125262603\" class=\"col medium-5 small-12 large-5\"  >\n\t\t\t\t<div class=\"col-inner\"  >\n\t\t\t\n\t\t\t\n\t<div class=\"img has-hover x md-x lg-x y md-y lg-y\" id=\"image_1683177572\">\n\t\t\t\t\t\t\t\t<div class=\"img-inner dark\" >\n\t\t\t<img loading=\"lazy\" decoding=\"async\" width=\"749\" height=\"800\" src=\"https:\/\/boring-lovelace.212-227-6-40.plesk.page\/wp-content\/uploads\/2025\/10\/omeratar-hakkimda-1-1-749x800.webp\" class=\"attachment-large size-large\" alt=\"\" srcset=\"https:\/\/boring-lovelace.212-227-6-40.plesk.page\/wp-content\/uploads\/2025\/10\/omeratar-hakkimda-1-1-749x800.webp 749w, https:\/\/boring-lovelace.212-227-6-40.plesk.page\/wp-content\/uploads\/2025\/10\/omeratar-hakkimda-1-1-375x400.webp 375w, https:\/\/boring-lovelace.212-227-6-40.plesk.page\/wp-content\/uploads\/2025\/10\/omeratar-hakkimda-1-1-768x820.webp 768w, https:\/\/boring-lovelace.212-227-6-40.plesk.page\/wp-content\/uploads\/2025\/10\/omeratar-hakkimda-1-1.webp 800w\" sizes=\"auto, (max-width: 749px) 100vw, 749px\" \/>\t\t\t\t\t\t\n\t\t\t\t\t<\/div>\n\t\t\t\t\t\t\t\t\n<style>\n#image_1683177572 {\n  width: 100%;\n}\n<\/style>\n\t<\/div>\n\t\n\t\t<\/div>\n\t\t\t\t\t<\/div>\n\n\t\n\n\t<div id=\"col-1250114232\" class=\"col medium-7 small-12 large-7\"  >\n\t\t\t\t<div class=\"col-inner\"  >\n\t\t\t\n\t\t\t\n\t<div id=\"text-1202327319\" class=\"text\">\n\t\t\n<div><strong>Dr. Dt. \u00d6mer Atar<\/strong><\/div>\n\t\t\n<style>\n#text-1202327319 {\n  font-size: 2.3rem;\n  color: #0c2b47;\n}\n#text-1202327319 > * {\n  color: #0c2b47;\n}\n@media (min-width:550px) {\n  #text-1202327319 {\n    font-size: 3rem;\n  }\n}\n<\/style>\n\t<\/div>\n\t\n<p>Er absolvierte seine Grund-, Mittel- und Oberschulausbildung in Trabzon und schloss 2000 sein Studium an der Fakult\u00e4t f\u00fcr Zahnmedizin der Marmara-Universit\u00e4t ab, das er 1994 begonnen hatte.<\/p>\n<p>Unmittelbar nach seinem Abschluss arbeitete er im Bereich der Prothetischen Zahnmedizin an der Marmara-Universit\u00e4t und spezialisierte sich auf metallfreie \u00e4sthetische Systeme und kosmetische Zahnheilkunde.<\/p>\n<p>Im Jahr 2007 erhielt er seinen Doktortitel und seine Facharztqualifikation f\u00fcr seine Forschung \u00fcber die Anwendung von Implantaten sowie die Herstellung und Kontrolle von implantatgetragenen Prothesen bei Patienten, die einer Distraktionsosteogenese unterzogen wurden.<\/p>\n<p>Dr. \u00d6mer ATAR, der berufliche Innovationen genau verfolgt, hat an zahlreichen Seminaren und Kursen im In- und Ausland teilgenommen und ist Mitglied der EDAD (\u00c4sthetische Zahnheilkunde Akademie Vereinigung).<\/p>\n\t\t<\/div>\n\t\t\t\t\t<\/div>\n\n\t\n<\/div>\n\t\t<\/div>\n\n\t\t\n<style>\n#section_671490210 {\n  padding-top: 30px;\n  padding-bottom: 30px;\n}\n<\/style>\n\t<\/section>\n\t\n","protected":false},"excerpt":{"rendered":"","protected":false},"author":1,"featured_media":0,"parent":0,"menu_order":0,"comment_status":"closed","ping_status":"closed","template":"page-blank.php","meta":{"footnotes":""},"class_list":["post-567","page","type-page","status-publish","hentry"],"_links":{"self":[{"href":"https:\/\/boring-lovelace.212-227-6-40.plesk.page\/de\/wp-json\/wp\/v2\/pages\/567","targetHints":{"allow":["GET"]}}],"collection":[{"href":"https:\/\/boring-lovelace.212-227-6-40.plesk.page\/de\/wp-json\/wp\/v2\/pages"}],"about":[{"href":"https:\/\/boring-lovelace.212-227-6-40.plesk.page\/de\/wp-json\/wp\/v2\/types\/page"}],"author":[{"embeddable":true,"href":"https:\/\/boring-lovelace.212-227-6-40.plesk.page\/de\/wp-json\/wp\/v2\/users\/1"}],"replies":[{"embeddable":true,"href":"https:\/\/boring-lovelace.212-227-6-40.plesk.page\/de\/wp-json\/wp\/v2\/comments?post=567"}],"version-history":[{"count":2,"href":"https:\/\/boring-lovelace.212-227-6-40.plesk.page\/de\/wp-json\/wp\/v2\/pages\/567\/revisions"}],"predecessor-version":[{"id":570,"href":"https:\/\/boring-lovelace.212-227-6-40.plesk.page\/de\/wp-json\/wp\/v2\/pages\/567\/revisions\/570"}],"wp:attachment":[{"href":"https:\/\/boring-lovelace.212-227-6-40.plesk.page\/de\/wp-json\/wp\/v2\/media?parent=567"}],"curies":[{"name":"wp","href":"https:\/\/api.w.org\/{rel}","templated":true}]}}