{"id":496,"date":"2025-10-14T11:56:52","date_gmt":"2025-10-14T11:56:52","guid":{"rendered":"https:\/\/boring-lovelace.212-227-6-40.plesk.page\/?page_id=496"},"modified":"2025-10-15T12:45:18","modified_gmt":"2025-10-15T12:45:18","slug":"tourisme-de-sante","status":"publish","type":"page","link":"https:\/\/boring-lovelace.212-227-6-40.plesk.page\/fr\/tourisme-de-sante\/","title":{"rendered":"Tourisme de sant\u00e9"},"content":{"rendered":"\n\t<section class=\"section\" id=\"section_141143128\">\n\t\t<div class=\"section-bg fill\" >\n\t\t\t\t\t\t\t\t\t\n\t\t\t\n\t<div class=\"is-border\"\n\t\tstyle=\"border-color:rgb(255, 255, 255);border-width:3px 0px 0px 0px;\">\n\t<\/div>\n\n\t\t<\/div>\n\n\t\t\n\n\t\t<div class=\"section-content relative\">\n\t\t\t\n  <div id=\"page-header-730468047\" class=\"page-header-wrapper\">\n  <div class=\"page-title dark simple-title\">\n\n    \n    <div class=\"page-title-inner container align-center text-center flex-row-col medium-flex-wrap\" >\n              <div class=\"title-wrapper is-larger flex-col\">\n          <h1 class=\"entry-title mb-0\">\n            Tourisme de sant\u00e9          <\/h1>\n        <\/div>\n                    <div class=\"title-content flex-col\">\n        <div class=\"title-breadcrumbs pb-half pt-half\"><\/div>      <\/div>\n    <\/div>\n\n       <\/div>\n    <\/div>\n  \n\t\t<\/div>\n\n\t\t\n<style>\n#section_141143128 {\n  padding-top: 30px;\n  padding-bottom: 30px;\n  background-color: #0c2b47;\n}\n<\/style>\n\t<\/section>\n\t\n\n\t<section class=\"section saglik-turizmi-sayfasi\" id=\"section_50671251\">\n\t\t<div class=\"section-bg fill\" >\n\t\t\t\t\t\t\t\t\t\n\t\t\t\n\n\t\t<\/div>\n\n\t\t\n\n\t\t<div class=\"section-content relative\">\n\t\t\t\n<div class=\"row\"  id=\"row-1425806911\">\n\n\t<div id=\"col-609148293\" class=\"col small-12 large-12\"  >\n\t\t\t\t<div class=\"col-inner\"  >\n\t\t\t\n\t\t\t\n<div class=\"accordion\">\n\t<div id=\"accordion-123075913\" class=\"accordion-item\">\n\t\t<a id=\"accordion-123075913-label\" class=\"accordion-title plain active\" href=\"#accordion-item-h\u00e9bergement\" aria-expanded=\"true\" aria-controls=\"accordion-123075913-content\">\n\t\t\t<button class=\"toggle\" aria-label=\"Basculer\"><i class=\"icon-angle-down\" aria-hidden=\"true\"><\/i><\/button>\n\t\t\t<span>H\u00e9bergement<\/span>\n\t\t<\/a>\n\t\t<div id=\"accordion-123075913-content\" class=\"accordion-inner\" style=\"display: block;\" aria-labelledby=\"accordion-123075913-label\">\n\t\t\t\n<div class=\"row align-middle\"  id=\"row-148347947\">\n\n\t<div id=\"col-9919023\" class=\"col medium-8 small-12 large-8\"  >\n\t\t\t\t<div class=\"col-inner\"  >\n\t\t\t\n\t\t\t\n\t<div id=\"text-4069059524\" class=\"text\">\n\t\t\n<p>Nous rendons le tourisme de sant\u00e9 plus confortable et agr\u00e9able pour nos patients et leurs accompagnateurs. Apr\u00e8s leurs traitements, nos patients peuvent profiter de vacances, ce qui leur permet de r\u00e9duire le stress. Gr\u00e2ce \u00e0 nos partenariats avec des h\u00f4tels de haute qualit\u00e9 et confortables, nous vous offrons la possibilit\u00e9 de vous sentir comme chez vous.<\/p>\n\t\t\n<style>\n#text-4069059524 {\n  color: #0c2b47;\n}\n#text-4069059524 > * {\n  color: #0c2b47;\n}\n<\/style>\n\t<\/div>\n\t\n\t\t<\/div>\n\t\t\t\t\n<style>\n#col-9919023 > .col-inner {\n  margin: 0px 0px -40px 0px;\n}\n<\/style>\n\t<\/div>\n\n\t\n\n\t<div id=\"col-1245093750\" class=\"col medium-4 small-12 large-4\"  >\n\t\t\t\t<div class=\"col-inner\"  >\n\t\t\t\n\t\t\t\n\t<div class=\"img has-hover x md-x lg-x y md-y lg-y\" id=\"image_602129313\">\n\t\t\t\t\t\t\t\t<div class=\"img-inner dark\" >\n\t\t\t<img loading=\"lazy\" decoding=\"async\" width=\"453\" height=\"202\" src=\"https:\/\/boring-lovelace.212-227-6-40.plesk.page\/wp-content\/uploads\/2025\/10\/otelu.jpg\" class=\"attachment-large size-large\" alt=\"\" \/>\t\t\t\t\t\t\n\t\t\t\t\t<\/div>\n\t\t\t\t\t\t\t\t\n<style>\n#image_602129313 {\n  width: 100%;\n}\n<\/style>\n\t<\/div>\n\t\n\t\t<\/div>\n\t\t\t\t\n<style>\n#col-1245093750 > .col-inner {\n  margin: 0px 0px -40px 0px;\n}\n<\/style>\n\t<\/div>\n\n\t\n<\/div>\n\t\t<\/div>\n\t<\/div>\n\t\n\t<div id=\"accordion-3083893156\" class=\"accordion-item\">\n\t\t<a id=\"accordion-3083893156-label\" class=\"accordion-title plain\" href=\"#accordion-item-transfert-vip\" aria-expanded=\"false\" aria-controls=\"accordion-3083893156-content\">\n\t\t\t<button class=\"toggle\" aria-label=\"Basculer\"><i class=\"icon-angle-down\" aria-hidden=\"true\"><\/i><\/button>\n\t\t\t<span>Transfert VIP<\/span>\n\t\t<\/a>\n\t\t<div id=\"accordion-3083893156-content\" class=\"accordion-inner\" aria-labelledby=\"accordion-3083893156-label\">\n\t\t\t\n<div class=\"row align-middle\"  id=\"row-1066679526\">\n\n\t<div id=\"col-1831160187\" class=\"col medium-8 small-12 large-8\"  >\n\t\t\t\t<div class=\"col-inner\"  >\n\t\t\t\n\t\t\t\n\t<div id=\"text-3505176496\" class=\"text\">\n\t\t\n<p>Nous proposons un service sp\u00e9cial de transfert VIP afin de garantir \u00e0 nos patients un trajet confortable et sans souci vers les \u00e9tablissements ou centres de soins. Ce service aide nos patients \u00e0 r\u00e9duire le stress et la fatigue tout au long de leur processus de traitement, tout en am\u00e9liorant leur concentration sur la gu\u00e9rison.<\/p>\n\t\t\n<style>\n#text-3505176496 {\n  color: #0c2b47;\n}\n#text-3505176496 > * {\n  color: #0c2b47;\n}\n<\/style>\n\t<\/div>\n\t\n\t\t<\/div>\n\t\t\t\t\n<style>\n#col-1831160187 > .col-inner {\n  margin: 0px 0px -40px 0px;\n}\n<\/style>\n\t<\/div>\n\n\t\n\n\t<div id=\"col-2027638388\" class=\"col medium-4 small-12 large-4\"  >\n\t\t\t\t<div class=\"col-inner\"  >\n\t\t\t\n\t\t\t\n\t<div class=\"img has-hover x md-x lg-x y md-y lg-y\" id=\"image_1917423173\">\n\t\t\t\t\t\t\t\t<div class=\"img-inner dark\" >\n\t\t\t<img loading=\"lazy\" decoding=\"async\" width=\"453\" height=\"202\" src=\"https:\/\/boring-lovelace.212-227-6-40.plesk.page\/wp-content\/uploads\/2025\/10\/vip.jpg\" class=\"attachment-large size-large\" alt=\"\" \/>\t\t\t\t\t\t\n\t\t\t\t\t<\/div>\n\t\t\t\t\t\t\t\t\n<style>\n#image_1917423173 {\n  width: 100%;\n}\n<\/style>\n\t<\/div>\n\t\n\t\t<\/div>\n\t\t\t\t\n<style>\n#col-2027638388 > .col-inner {\n  margin: 0px 0px -40px 0px;\n}\n<\/style>\n\t<\/div>\n\n\t\n<\/div>\n\t\t<\/div>\n\t<\/div>\n\t\n\t<div id=\"accordion-1814148723\" class=\"accordion-item\">\n\t\t<a id=\"accordion-1814148723-label\" class=\"accordion-title plain\" href=\"#accordion-item-interpr\u00e8te\" aria-expanded=\"false\" aria-controls=\"accordion-1814148723-content\">\n\t\t\t<button class=\"toggle\" aria-label=\"Basculer\"><i class=\"icon-angle-down\" aria-hidden=\"true\"><\/i><\/button>\n\t\t\t<span>Interpr\u00e8te<\/span>\n\t\t<\/a>\n\t\t<div id=\"accordion-1814148723-content\" class=\"accordion-inner\" aria-labelledby=\"accordion-1814148723-label\">\n\t\t\t\n<div class=\"row\"  id=\"row-1942526574\">\n\n\t<div id=\"col-1806041020\" class=\"col medium-8 small-12 large-8\"  >\n\t\t\t\t<div class=\"col-inner\"  >\n\t\t\t\n\t\t\t\n\t<div id=\"text-2313495382\" class=\"text\">\n\t\t\n<p>Chaque ann\u00e9e, des millions de personnes venant du monde entier se rendent en Turquie pour recevoir des soins m\u00e9dicaux. Comme la communication peut \u00eatre une source d&rsquo;inqui\u00e9tude pour les personnes parlant diff\u00e9rentes langues, nous offrons un service d\u2019interpr\u00e9tation dans la langue maternelle \u00e0 chaque \u00e9tape du traitement. Pour \u00e9viter tout malentendu ou anxi\u00e9t\u00e9, nous collaborons avec des interpr\u00e8tes sp\u00e9cialis\u00e9s dans le domaine m\u00e9dical afin de vous comprendre parfaitement.<\/p>\n\t\t\n<style>\n#text-2313495382 {\n  color: #0c2b47;\n}\n#text-2313495382 > * {\n  color: #0c2b47;\n}\n<\/style>\n\t<\/div>\n\t\n\t\t<\/div>\n\t\t\t\t\n<style>\n#col-1806041020 > .col-inner {\n  margin: 0px 0px -40px 0px;\n}\n<\/style>\n\t<\/div>\n\n\t\n\n\t<div id=\"col-259305892\" class=\"col medium-4 small-12 large-4\"  >\n\t\t\t\t<div class=\"col-inner\"  >\n\t\t\t\n\t\t\t\n\t<div class=\"img has-hover x md-x lg-x y md-y lg-y\" id=\"image_209663380\">\n\t\t\t\t\t\t\t\t<div class=\"img-inner dark\" >\n\t\t\t<img loading=\"lazy\" decoding=\"async\" width=\"453\" height=\"202\" src=\"https:\/\/boring-lovelace.212-227-6-40.plesk.page\/wp-content\/uploads\/2025\/10\/Basliksiz-2.jpg\" class=\"attachment-large size-large\" alt=\"\" \/>\t\t\t\t\t\t\n\t\t\t\t\t<\/div>\n\t\t\t\t\t\t\t\t\n<style>\n#image_209663380 {\n  width: 100%;\n}\n<\/style>\n\t<\/div>\n\t\n\t\t<\/div>\n\t\t\t\t\n<style>\n#col-259305892 > .col-inner {\n  margin: 0px 0px -40px 0px;\n}\n<\/style>\n\t<\/div>\n\n\t\n<\/div>\n\t\t<\/div>\n\t<\/div>\n\t\n<\/div>\n\t<div id=\"text-1513519341\" class=\"text\">\n\t\t\n<p><strong>\u00c9crivez-nous, nous vous r\u00e9pondrons<\/strong><\/p>\n\t\t\n<style>\n#text-1513519341 {\n  font-size: 2rem;\n  color: #0c2b47;\n}\n#text-1513519341 > * {\n  color: #0c2b47;\n}\n<\/style>\n\t<\/div>\n\t\n\n<div class=\"wpcf7 no-js\" id=\"wpcf7-f436-o1\" lang=\"fr-FR\" dir=\"ltr\" data-wpcf7-id=\"436\">\n<div class=\"screen-reader-response\"><p role=\"status\" aria-live=\"polite\" aria-atomic=\"true\"><\/p> <ul><\/ul><\/div>\n<form action=\"\/fr\/wp-json\/wp\/v2\/pages\/496#wpcf7-f436-o1\" method=\"post\" class=\"wpcf7-form init\" aria-label=\"Formulaire de contact\" novalidate=\"novalidate\" data-status=\"init\">\n<fieldset class=\"hidden-fields-container\"><input type=\"hidden\" name=\"_wpcf7\" value=\"436\" \/><input type=\"hidden\" name=\"_wpcf7_version\" value=\"6.1.2\" \/><input type=\"hidden\" name=\"_wpcf7_locale\" value=\"fr_FR\" \/><input type=\"hidden\" name=\"_wpcf7_unit_tag\" value=\"wpcf7-f436-o1\" \/><input type=\"hidden\" name=\"_wpcf7_container_post\" value=\"0\" \/><input type=\"hidden\" name=\"_wpcf7_posted_data_hash\" value=\"\" \/>\n<\/fieldset>\n<div class=\"randevu-form\">\n\t<div class=\"form-row\">\n\t\t<p><span class=\"wpcf7-form-control-wrap\" data-name=\"text-340\"><input size=\"40\" maxlength=\"400\" class=\"wpcf7-form-control wpcf7-text wpcf7-validates-as-required\" autocomplete=\"name\" aria-required=\"true\" aria-invalid=\"false\" placeholder=\"Votre pr\u00e9nom\" value=\"\" type=\"text\" name=\"text-340\" \/><\/span><br \/>\n<span class=\"wpcf7-form-control-wrap\" data-name=\"text-342\"><input size=\"40\" maxlength=\"400\" class=\"wpcf7-form-control wpcf7-text wpcf7-validates-as-required\" autocomplete=\"name\" aria-required=\"true\" aria-invalid=\"false\" placeholder=\"Votre nom\" value=\"\" type=\"text\" name=\"text-342\" \/><\/span>\n\t\t<\/p>\n\t<\/div>\n\t<div class=\"form-row\">\n\t\t<p><span class=\"wpcf7-form-control-wrap\" data-name=\"tel-10\"><input size=\"40\" maxlength=\"400\" class=\"wpcf7-form-control wpcf7-tel wpcf7-validates-as-required wpcf7-text wpcf7-validates-as-tel\" autocomplete=\"name\" aria-required=\"true\" aria-invalid=\"false\" placeholder=\"T\u00e9l\u00e9phone\" value=\"\" type=\"tel\" name=\"tel-10\" \/><\/span><br \/>\n<span class=\"wpcf7-form-control-wrap\" data-name=\"email-411\"><input size=\"40\" maxlength=\"400\" class=\"wpcf7-form-control wpcf7-email wpcf7-validates-as-required wpcf7-text wpcf7-validates-as-email\" autocomplete=\"email\" aria-required=\"true\" aria-invalid=\"false\" placeholder=\"E-mail\" value=\"\" type=\"email\" name=\"email-411\" \/><\/span>\n\t\t<\/p>\n\t<\/div>\n\t<div class=\"form-full\">\n\t\t<p><span class=\"wpcf7-form-control-wrap\" data-name=\"text-342\"><input size=\"40\" maxlength=\"400\" class=\"wpcf7-form-control wpcf7-text wpcf7-validates-as-required\" autocomplete=\"name\" aria-required=\"true\" aria-invalid=\"false\" placeholder=\"D\u00e9crivez bri\u00e8vement le sujet\" value=\"\" type=\"text\" name=\"text-342\" \/><\/span>\n\t\t<\/p>\n\t<\/div>\n\t<div class=\"form-button\">\n\t\t<p><button type=\"submit\">Prendre rendez-vous<\/button>\n\t\t<\/p>\n\t<\/div>\n<\/div><p style=\"display: none !important;\" class=\"akismet-fields-container\" data-prefix=\"_wpcf7_ak_\"><label>&#916;<textarea name=\"_wpcf7_ak_hp_textarea\" cols=\"45\" rows=\"8\" maxlength=\"100\"><\/textarea><\/label><input type=\"hidden\" id=\"ak_js_1\" name=\"_wpcf7_ak_js\" value=\"223\"\/><script>document.getElementById( \"ak_js_1\" ).setAttribute( \"value\", ( new Date() ).getTime() );<\/script><\/p><div class=\"wpcf7-response-output\" aria-hidden=\"true\"><\/div>\n<\/form>\n<\/div>\n\n\t\t<\/div>\n\t\t\t\t\t<\/div>\n\n\t\n<\/div>\n\t\t<\/div>\n\n\t\t\n<style>\n#section_50671251 {\n  padding-top: 60px;\n  padding-bottom: 60px;\n}\n<\/style>\n\t<\/section>\n\t\n","protected":false},"excerpt":{"rendered":"","protected":false},"author":1,"featured_media":0,"parent":0,"menu_order":0,"comment_status":"closed","ping_status":"closed","template":"page-blank.php","meta":{"footnotes":""},"class_list":["post-496","page","type-page","status-publish","hentry"],"_links":{"self":[{"href":"https:\/\/boring-lovelace.212-227-6-40.plesk.page\/fr\/wp-json\/wp\/v2\/pages\/496","targetHints":{"allow":["GET"]}}],"collection":[{"href":"https:\/\/boring-lovelace.212-227-6-40.plesk.page\/fr\/wp-json\/wp\/v2\/pages"}],"about":[{"href":"https:\/\/boring-lovelace.212-227-6-40.plesk.page\/fr\/wp-json\/wp\/v2\/types\/page"}],"author":[{"embeddable":true,"href":"https:\/\/boring-lovelace.212-227-6-40.plesk.page\/fr\/wp-json\/wp\/v2\/users\/1"}],"replies":[{"embeddable":true,"href":"https:\/\/boring-lovelace.212-227-6-40.plesk.page\/fr\/wp-json\/wp\/v2\/comments?post=496"}],"version-history":[{"count":2,"href":"https:\/\/boring-lovelace.212-227-6-40.plesk.page\/fr\/wp-json\/wp\/v2\/pages\/496\/revisions"}],"predecessor-version":[{"id":498,"href":"https:\/\/boring-lovelace.212-227-6-40.plesk.page\/fr\/wp-json\/wp\/v2\/pages\/496\/revisions\/498"}],"wp:attachment":[{"href":"https:\/\/boring-lovelace.212-227-6-40.plesk.page\/fr\/wp-json\/wp\/v2\/media?parent=496"}],"curies":[{"name":"wp","href":"https:\/\/api.w.org\/{rel}","templated":true}]}}