{"id":562,"date":"2025-10-14T11:56:20","date_gmt":"2025-10-14T11:56:20","guid":{"rendered":"https:\/\/boring-lovelace.212-227-6-40.plesk.page\/?page_id=562"},"modified":"2025-10-15T12:56:11","modified_gmt":"2025-10-15T12:56:11","slug":"a-propos-de-moi","status":"publish","type":"page","link":"https:\/\/boring-lovelace.212-227-6-40.plesk.page\/fr\/a-propos-de-moi\/","title":{"rendered":"\u00c0 propos de moi"},"content":{"rendered":"\n\t<section class=\"section\" id=\"section_1030250344\">\n\t\t<div class=\"section-bg fill\" >\n\t\t\t\t\t\t\t\t\t\n\t\t\t\n\t<div class=\"is-border\"\n\t\tstyle=\"border-color:rgb(255, 255, 255);border-width:3px 0px 0px 0px;\">\n\t<\/div>\n\n\t\t<\/div>\n\n\t\t\n\n\t\t<div class=\"section-content relative\">\n\t\t\t\n  <div id=\"page-header-669335830\" class=\"page-header-wrapper\">\n  <div class=\"page-title dark simple-title\">\n\n    \n    <div class=\"page-title-inner container align-center text-center flex-row-col medium-flex-wrap\" >\n              <div class=\"title-wrapper is-larger flex-col\">\n          <h1 class=\"entry-title mb-0\">\n            \u00c0 propos de moi          <\/h1>\n        <\/div>\n                    <div class=\"title-content flex-col\">\n        <div class=\"title-breadcrumbs pb-half pt-half\"><\/div>      <\/div>\n    <\/div>\n\n       <\/div>\n    <\/div>\n  \n\t\t<\/div>\n\n\t\t\n<style>\n#section_1030250344 {\n  padding-top: 30px;\n  padding-bottom: 30px;\n  background-color: #0c2b47;\n}\n<\/style>\n\t<\/section>\n\t\n\n\t<section class=\"section\" id=\"section_1318948076\">\n\t\t<div class=\"section-bg fill\" >\n\t\t\t\t\t\t\t\t\t\n\t\t\t\n\n\t\t<\/div>\n\n\t\t\n\n\t\t<div class=\"section-content relative\">\n\t\t\t\n<div class=\"row\"  id=\"row-1839669448\">\n\n\t<div id=\"col-1686436307\" class=\"col medium-5 small-12 large-5\"  >\n\t\t\t\t<div class=\"col-inner\"  >\n\t\t\t\n\t\t\t\n\t<div class=\"img has-hover x md-x lg-x y md-y lg-y\" id=\"image_1548960746\">\n\t\t\t\t\t\t\t\t<div class=\"img-inner dark\" >\n\t\t\t<img loading=\"lazy\" decoding=\"async\" width=\"749\" height=\"800\" src=\"https:\/\/boring-lovelace.212-227-6-40.plesk.page\/wp-content\/uploads\/2025\/10\/omeratar-hakkimda-1-1-749x800.webp\" class=\"attachment-large size-large\" alt=\"\" srcset=\"https:\/\/boring-lovelace.212-227-6-40.plesk.page\/wp-content\/uploads\/2025\/10\/omeratar-hakkimda-1-1-749x800.webp 749w, https:\/\/boring-lovelace.212-227-6-40.plesk.page\/wp-content\/uploads\/2025\/10\/omeratar-hakkimda-1-1-375x400.webp 375w, https:\/\/boring-lovelace.212-227-6-40.plesk.page\/wp-content\/uploads\/2025\/10\/omeratar-hakkimda-1-1-768x820.webp 768w, https:\/\/boring-lovelace.212-227-6-40.plesk.page\/wp-content\/uploads\/2025\/10\/omeratar-hakkimda-1-1.webp 800w\" sizes=\"auto, (max-width: 749px) 100vw, 749px\" \/>\t\t\t\t\t\t\n\t\t\t\t\t<\/div>\n\t\t\t\t\t\t\t\t\n<style>\n#image_1548960746 {\n  width: 100%;\n}\n<\/style>\n\t<\/div>\n\t\n\t\t<\/div>\n\t\t\t\t\t<\/div>\n\n\t\n\n\t<div id=\"col-980875588\" class=\"col medium-7 small-12 large-7\"  >\n\t\t\t\t<div class=\"col-inner\"  >\n\t\t\t\n\t\t\t\n\t<div id=\"text-1053198922\" class=\"text\">\n\t\t\n<div><strong>Dr. Dt. \u00d6mer Atar<\/strong><\/div>\n\t\t\n<style>\n#text-1053198922 {\n  font-size: 2.3rem;\n  color: #0c2b47;\n}\n#text-1053198922 > * {\n  color: #0c2b47;\n}\n@media (min-width:550px) {\n  #text-1053198922 {\n    font-size: 3rem;\n  }\n}\n<\/style>\n\t<\/div>\n\t\n<p>Il a termin\u00e9 ses \u00e9tudes primaires, secondaires et secondaires \u00e0 Trabzon et a obtenu son dipl\u00f4me de la Facult\u00e9 de chirurgie dentaire de l\u2019Universit\u00e9 Marmara en 2000, o\u00f9 il avait commenc\u00e9 ses \u00e9tudes en 1994.<\/p>\n<p>Imm\u00e9diatement apr\u00e8s l\u2019obtention de son dipl\u00f4me, il a travaill\u00e9 dans le domaine de la proth\u00e8se dentaire \u00e0 l\u2019Universit\u00e9 Marmara, en se concentrant sur les syst\u00e8mes esth\u00e9tiques sans m\u00e9tal et la dentisterie cosm\u00e9tique.<\/p>\n<p>En 2007, il a obtenu son doctorat et sa sp\u00e9cialisation pour ses recherches sur l\u2019application des implants, ainsi que sur la fabrication et le contr\u00f4le des proth\u00e8ses sur implants chez les patients trait\u00e9s par distraction ost\u00e9og\u00e9nique.<\/p>\n<p>Le Dr \u00d6mer ATAR, qui suit de pr\u00e8s les innovations professionnelles, a particip\u00e9 \u00e0 de nombreux s\u00e9minaires et cours en Turquie et \u00e0 l\u2019\u00e9tranger, et est membre de l\u2019EDAD (Association de l\u2019Acad\u00e9mie de Dentisterie Esth\u00e9tique).<\/p>\n\t\t<\/div>\n\t\t\t\t\t<\/div>\n\n\t\n<\/div>\n\t\t<\/div>\n\n\t\t\n<style>\n#section_1318948076 {\n  padding-top: 30px;\n  padding-bottom: 30px;\n}\n<\/style>\n\t<\/section>\n\t\n","protected":false},"excerpt":{"rendered":"","protected":false},"author":1,"featured_media":0,"parent":0,"menu_order":0,"comment_status":"closed","ping_status":"closed","template":"page-blank.php","meta":{"footnotes":""},"class_list":["post-562","page","type-page","status-publish","hentry"],"_links":{"self":[{"href":"https:\/\/boring-lovelace.212-227-6-40.plesk.page\/fr\/wp-json\/wp\/v2\/pages\/562","targetHints":{"allow":["GET"]}}],"collection":[{"href":"https:\/\/boring-lovelace.212-227-6-40.plesk.page\/fr\/wp-json\/wp\/v2\/pages"}],"about":[{"href":"https:\/\/boring-lovelace.212-227-6-40.plesk.page\/fr\/wp-json\/wp\/v2\/types\/page"}],"author":[{"embeddable":true,"href":"https:\/\/boring-lovelace.212-227-6-40.plesk.page\/fr\/wp-json\/wp\/v2\/users\/1"}],"replies":[{"embeddable":true,"href":"https:\/\/boring-lovelace.212-227-6-40.plesk.page\/fr\/wp-json\/wp\/v2\/comments?post=562"}],"version-history":[{"count":2,"href":"https:\/\/boring-lovelace.212-227-6-40.plesk.page\/fr\/wp-json\/wp\/v2\/pages\/562\/revisions"}],"predecessor-version":[{"id":565,"href":"https:\/\/boring-lovelace.212-227-6-40.plesk.page\/fr\/wp-json\/wp\/v2\/pages\/562\/revisions\/565"}],"wp:attachment":[{"href":"https:\/\/boring-lovelace.212-227-6-40.plesk.page\/fr\/wp-json\/wp\/v2\/media?parent=562"}],"curies":[{"name":"wp","href":"https:\/\/api.w.org\/{rel}","templated":true}]}}